{"id":310,"date":"2025-07-31T10:33:56","date_gmt":"2025-07-31T09:33:56","guid":{"rendered":"https:\/\/centrorayuela.com\/?page_id=310"},"modified":"2025-08-26T08:46:14","modified_gmt":"2025-08-26T07:46:14","slug":"aviso-legal","status":"publish","type":"page","link":"https:\/\/centrorayuela.com\/en\/aviso-legal\/","title":{"rendered":"Aviso Legal"},"content":{"rendered":"<p>Con el fin de dar cumplimiento al art\u00edculo 10 de la Ley 34\/2002 de Servicios de la Sociedad de la Informaci\u00f3n y del<br \/>\nComercio Electr\u00f3nico, informamos a los usuarios de nuestros datos:<\/p>\n<p>Denominaci\u00f3n Social: <strong>Eparquio Agust\u00edn Delgado Lorenzo<\/strong><\/p>\n<p>Domicilio Social: Avenida Emilio Luque Moreno 13, Piso 1, Puerta 6, 38300, La Orotava, Santa Cruz de Tenerife<\/p>\n<p>CIF: 78615564T<br \/>\nTel\u00e9fono: 922 324 377<\/p>\n<p>E-Mail: centrorayuela@gmail.com<\/p>\n<p>Sitio Web: <a href=\"\/\">Centro Psicol\u00f3gico Rayuela<\/a><\/p>\n<h3><strong>1.- OBJETO<\/strong><\/h3>\n<p><strong>Eparquio Agust\u00edn Delgado Lorenzo <\/strong>(en adelante tambi\u00e9n el prestador) como responsable del sitio web,<br \/>\npone a disposici\u00f3n de los usuarios el presente documento, que regula el uso del sitio web , con el que pretendemos dar<br \/>\ncumplimiento a las obligaciones que dispone la Ley 34\/2002, de Servicios de la Sociedad de la Informaci\u00f3n y del Comercio<br \/>\nElectr\u00f3nico (LSSICE o LSSI), as\u00ed como informar a todos los usuarios del sitio web respecto de cu\u00e1les son las condiciones<br \/>\nde uso del sitio web.<\/p>\n<p>A trav\u00e9s de la Web, <strong>Centro Psicol\u00f3gico Rayuela <\/strong>facilita a los usuarios el acceso y utilizaci\u00f3n de<br \/>\ndiferentes servicios y contenidos puestos a disposici\u00f3n a trav\u00e9s de la web.<\/p>\n<p>Toda persona que acceda a esta web asume el papel de usuario (en adelante el Usuario o los Usuarios), e implica la<br \/>\naceptaci\u00f3n total y sin reservas de todas y cada una de las disposiciones incluidas en este aviso legal, as\u00ed como a<br \/>\ncualesquiera otras disposiciones legales que fueran de aplicaci\u00f3n.<\/p>\n<p>Como usuarios, tienen que leer atentamente este Aviso Legal en cualquiera de las ocasiones que entren a la web, pues<br \/>\n\u00e9sta puede sufrir modificaciones ya que el prestador se reserva el derecho a modificar cualquier tipo de informaci\u00f3n que<br \/>\npudiera aparecer en la web, sin que exista la obligaci\u00f3n de pre-avisar o poner en conocimiento de los usuarios estas<br \/>\nobligaciones, siendo suficientes la publicaci\u00f3n en el sitio web del prestador.<\/p>\n<h3><strong>2.- CONDICIONES DE ACCESO Y USO DE LA WEB.<\/strong><\/h3>\n<p><strong>2.1. Car\u00e1cter <\/strong><strong>gratuito del acceso y uso de la web.<\/strong><\/p>\n<p>El uso de la web de <strong>Centro Psicol\u00f3gico Rayuela<\/strong> por parte del usuario tiene car\u00e1cter gratuito. No<br \/>\nobstante, algunos de los servicios suministrados por el prestador a trav\u00e9s de la Web est\u00e1n sujetas al pago de un precio<br \/>\ndeterminado a las condicionas generales de contrataci\u00f3n.<\/p>\n<p><strong> <\/strong><\/p>\n<p><strong>2.2. Veracidad de la informaci\u00f3n.<\/strong><\/p>\n<p>Toda la informaci\u00f3n que facilita el Usuario tiene que ser veraz. A estos efectos, el Usuario garantiza la autenticidad<br \/>\nde los datos comunicados a trav\u00e9s de los formularios para la suscripci\u00f3n de los Servicios. Ser\u00e1 responsabilidad del<br \/>\nUsuario mantener toda la informaci\u00f3n facilitada a <strong>Centro Psicol\u00f3gico Rayuela <\/strong>permanentemente<br \/>\nactualizada de forma que responda, en cada momento, a su situaci\u00f3n real. En todo caso, el Usuario ser\u00e1 el \u00fanico<br \/>\nresponsable de las manifestaciones falsas o inexactas que realice y de los perjuicios que cause al prestador o a<br \/>\nterceros.<\/p>\n<p><strong><br \/>\n    2.3. Menores de edad.<\/strong><\/p>\n<p>Para el uso de los servicios, los menores de edad tienen que obtener siempre previamente el consentimiento de los<br \/>\npadres, tutores o representantes legales, responsables \u00faltimos de todos los actos realizados por los menores a su cargo.<br \/>\nLa responsabilidad en la determinaci\u00f3n de contenidos concretos a los cuales acceden los menores corresponde a aquellos,<br \/>\nes por eso que si acceden a contenidos no apropiados por Internet, se tendr\u00e1n que establecer en sus ordenadores<br \/>\nmecanismos, en particular programas inform\u00e1ticos, filtros y bloqueos, que permitan limitar los contenidos disponibles y,<br \/>\na pesar de que no sean infalibles, son de especial utilidad para controlar y restringir los materiales a los que pueden<br \/>\nacceder los menores.<\/p>\n<p><strong><br \/>\n    2.4. Obligaci\u00f3n de hacer un uso correcto de la Web.<\/strong><\/p>\n<p>El Usuario se compromete a utilizar la Web de conformidad a la Ley y al presente Aviso Legal, as\u00ed como a la moral y a<br \/>\nbuenas costumbres. A tal efecto, el Usuario se abstendr\u00e1 de utilizar la p\u00e1gina con finalidades il\u00edcitas o prohibidas,<br \/>\nlesivas de derechos e intereses de terceros, o que de cualquier forma puedan da\u00f1ar, inutilizar, sobrecargar, deteriorar<br \/>\no impedir la normal utilizaci\u00f3n de equipos inform\u00e1ticos o documentos, archivos y toda clase de contenidos almacenados en<br \/>\ncualquier equipo inform\u00e1tico del prestador.<\/p>\n<p>En particular, y a t\u00edtulo indicativo pero no exhaustivo, el Usuario se compromete a no transmitir, difundir o poner a<br \/>\ndisposici\u00f3n de terceros informaciones, datos, contenidos, mensajes, gr\u00e1ficos, dibujos, archivos de sonido o imagen,<br \/>\nfotograf\u00edas, grabaciones, software y, en general, cualquier clase de material que:<\/p>\n<ul>\n<li>sea contraria, desprecie o atente contra los derechos fundamentales y las libertades p\u00fablicas reconocidas<br \/>\n        constitucionalmente, en tratados internacionales y otras normas vigentes;<\/li>\n<li>induzca, incite o promueva actuaciones delictivas, denigrantes, difamatorias, violentas o, en general,<br \/>\n        contrarias a la ley, a la moral y al orden p\u00fablico;<\/li>\n<li>induzca, incite o promueva actuaciones, actitudes o pensamientos discriminatorios por raz\u00f3n de sexo, raza,<br \/>\n        religi\u00f3n, creencias, edad o condici\u00f3n;<\/li>\n<li>sea contrario al derecho al honor, a la intimidad personal o familiar o a la propia imagen de las personas;<\/li>\n<li>de cualquier manera perjudique la credibilidad del prestador o de terceros; y<\/li>\n<li>constituya publicidad l\u00edcita, enga\u00f1osa o desleal.<\/li>\n<\/ul>\n<p><strong> <\/strong><\/p>\n<h3><strong>3.- <\/strong><strong>EXCLUSI\u00d3N DE GARANT\u00cdAS Y RESPONSABILIDAD<\/strong><\/h3>\n<p>El prestador se exime de cualquier tipo de responsabilidad derivada de la informaci\u00f3n publicada en nuestro sitio web,<br \/>\nsiempre que esta informaci\u00f3n haya sido manipulada o introducida por un tercero ajeno.<\/p>\n<p>Esta web ha sido revisada y probada para que funcione correctamente. En principio, se puede garantizar el correcto<br \/>\nfuncionamiento los 365 d\u00edas del a\u00f1o, 24 horas al d\u00eda. Sin embargo, el prestador no descarta la posibilidad que existan<br \/>\ndeterminados errores de programaci\u00f3n, o que sucedan causas de fuerza mayor, cat\u00e1strofes naturales, huelgas, o<br \/>\ncircunstancias parecidas que hagan imposible el acceso a la p\u00e1gina web.<\/p>\n<p><strong>Centro Psicol\u00f3gico Rayuela <\/strong>no otorga ninguna garant\u00eda ni se hace responsable, en ning\u00fan caso, de los<br \/>\nda\u00f1os y perjuicios de cualquier naturaleza que puedan salir a colaci\u00f3n de la falta de disponibilidad, mantenimiento y<br \/>\nefectivo funcionamiento de la web o de sus servicios y contenidos; de la existencia de virus, programas maliciosos o<br \/>\nlesivos en los contenidos; del uso il\u00edcito, negligente, fraudulento o contrario a este Aviso Legal y condiciones de uso;<br \/>\no de La falta de licitud, calidad, fiabilidad, utilidad y disponibilidad de los servicios prestados por terceros y<br \/>\nademanes a disposici\u00f3n de los usuarios en el sitio web.<\/p>\n<p>El prestador no se hace responsable bajo ning\u00fan concepto de los da\u00f1os que puedan dimanar del uso ilegal o indebido de la<br \/>\npresente p\u00e1gina web.<\/p>\n<p><strong> <\/strong><\/p>\n<h3><strong>4.- COOKIES<\/strong><\/h3>\n<p>El sitio web del prestador puede utilizar cookies (peque\u00f1os archivos de informaci\u00f3n que el servidor env\u00eda al ordenador<br \/>\nde quien accede en la p\u00e1gina) para llevar a cabo determinadas funciones que son consideradas imprescindibles para el<br \/>\ncorrecto funcionamiento y visualizaci\u00f3n del lugar. Las cookies utilizadas tienen, en todo caso, car\u00e1cter temporal, con<br \/>\nla \u00fanica finalidad de hacer m\u00e1s eficaz la navegaci\u00f3n, y desaparecen al acabar la sesi\u00f3n del usuario.<br \/>\nEn ning\u00fan caso se utilizar\u00e1n las cookies para recoger informaci\u00f3n de car\u00e1cter personal.<br \/>\nPara m\u00e1s informaci\u00f3n, ver nuestra <a href=\"https:\/\/centrorayuela.com\/en\/politica-de-cookies\/\">Pol\u00edtica de Cookies<\/a>.<\/p>\n<p><em> <\/em><\/p>\n<h3><strong>5.- ENLACES (<em>LINKS<\/em>)<\/strong><\/h3>\n<p>Desde el sitio web es posible que se redirija a contenidos de terceras webs. Dado que desde el web no podemos controlar<br \/>\nsiempre los contenidos introducidos por los terceros, <strong>Centro Psicol\u00f3gico Rayuela <\/strong>no asume ning\u00fan tipo<br \/>\nde responsabilidad respecto a estos contenidos. En todo caso, el prestador manifiesta que proceder\u00e1 a la retirada<br \/>\ninmediata de cualquier contenido que pudiera contravenir la legislaci\u00f3n nacional o internacional, la moral o el orden<br \/>\np\u00fablico, procediendo a la retirada inmediata de la re-direcci\u00f3n a estas webs, poniendo en conocimiento de las<br \/>\nautoridades competentes el contenido en cuesti\u00f3n.<\/p>\n<p>El prestador no se responsabiliza de la informaci\u00f3n y contenidos almacenados, a t\u00edtulo enunciativo pero no limitante, en<br \/>\nforos, chats, generadores de blogs, comentarios, redes sociales o cualquiera otro medio que permita a terceros publicar<br \/>\ncontenidos de forma independiente a la p\u00e1gina web del prestador. Sin embargo y en cumplimiento de lo que dispone el art.<br \/>\n11 y 16 de la LSSICE, el prestador se pone a disposici\u00f3n de todos los usuarios, autoridades y fuerzas de seguridad, y<br \/>\ncolaborando de forma activa en la retirada o, cuando sea necesario, el bloqueo de todos aquellos contenidos que puedan<br \/>\nafectar o contravenir la legislaci\u00f3n nacional, o internacional, derechos de terceros o la moral y el orden p\u00fablico. En<br \/>\ncaso de que el usuario considere que puede existir alg\u00fan contenido que pudiera ser susceptible de esta clasificaci\u00f3n, se<br \/>\nruega lo notifique de forma inmediata al administrador del sitio web.<\/p>\n<h3><strong>6.- PROTECCI\u00d3N DE DATOS PERSONALES<\/strong><\/h3>\n<p>El prestador est\u00e1 profundamente comprometido con el cumplimiento de la normativa de protecci\u00f3n de datos personales y<br \/>\ngarantiza el cumplimiento \u00edntegro de las obligaciones dispuestas, as\u00ed como la implementaci\u00f3n de las medidas de seguridad<br \/>\ndispuestas al Reglamento Europeo de Protecci\u00f3n de datos y la normativa espa\u00f1ola de protecci\u00f3n de datos. Para m\u00e1s<br \/>\ninformaci\u00f3n, ver nuestra <a href=\"\/politica-de-privacidad\/\">Pol\u00edtica de Privacidad<\/a>.<\/p>\n<h3><strong>7.- REDES SOCIALES<\/strong><\/h3>\n<p>Le informamos que <strong>Centro Psicol\u00f3gico Rayuela <\/strong>puede estar presente en redes sociales. El tratamiento de<br \/>\nlos datos que los usuarios incluyan en las mismas [haci\u00e9ndose seguidores del prestador en las redes sociales (y\/o<br \/>\nrealizando cualquier v\u00ednculo o acci\u00f3n de conexi\u00f3n a trav\u00e9s de estas)] se regir\u00e1 por este apartado, as\u00ed como por las<br \/>\ncondiciones de uso, pol\u00edticas de privacidad y normativas de acceso y uso de las redes sociales en cuesti\u00f3n y aceptadas<br \/>\npreviamente por el usuario. <strong>Centro Psicol\u00f3gico Rayuela <\/strong>tratar\u00e1 sus datos con el fin de informarle de<br \/>\nlas actividades, productos o servicios del prestador a trav\u00e9s de estas redes sociales, as\u00ed como para cualquier otra<br \/>\nfinalidad que las normativas de las Redes Sociales permitan, pero no se har\u00e1 responsable de sus pol\u00edticas de privacidad.<\/p>\n<p>Queda prohibida la publicaci\u00f3n de contenidos:<\/p>\n<p>&#8211; Que sean presuntamente il\u00edcitos por la normativa nacional, comunitaria o internacional o que realicen actividades<br \/>\npresuntamente il\u00edcitas o contravengan los principios de la buena fe.<\/p>\n<p>&#8211; Que atenten contra los derechos fundamentales de las personas, falten a la cortes\u00eda en la red, molesten o puedan<br \/>\ngenerar opiniones negativas en nuestros usuarios o terceros y en general cualesquiera sean los contenidos que<br \/>\n<strong>Centro Psicol\u00f3gico Rayuela<\/strong> considere no apropiados.<\/p>\n<p>&#8211; Y en general que contravengan los principios de legalidad, honradez, responsabilidad, protecci\u00f3n de la dignidad<br \/>\nhumana, protecci\u00f3n de menores, protecci\u00f3n del orden p\u00fablico, la protecci\u00f3n de la vida privada, la protecci\u00f3n del<br \/>\nconsumidor y los derechos de propiedad intelectual e industrial.<\/p>\n<p>Asimismo, <strong>Centro Psicol\u00f3gico Rayuela<\/strong> se reserva la potestad de retirar, sin previo aviso del sitio web<br \/>\no de la red social corporativa aquellos contenidos que se consideren no apropiados.<\/p>\n<h3><strong>8.- PROPIEDAD INTELECTUAL E INDUSTRIAL<\/strong><\/h3>\n<p>El sitio web, incluyendo a t\u00edtulo enunciativo pero no limitativo la programaci\u00f3n, edici\u00f3n, compilaci\u00f3n y otros elementos<br \/>\nnecesarios para su funcionamiento, los dise\u00f1os, logotipos, textos, fotograf\u00edas y\/o gr\u00e1ficos son propiedad del prestador<br \/>\no, en caso de que fuera necesario, dispone de la licencia o autorizaci\u00f3n expresa por parte de los autores. Todos los<br \/>\ncontenidos del sitio web se encuentran debidamente protegidos por la normativa de propiedad intelectual e industrial.<\/p>\n<p>Independientemente de la finalidad por la que fueran destinados, la reproducci\u00f3n total o parcial, uso, distribuci\u00f3n y<br \/>\ncomunicaci\u00f3n p\u00fablica requieren de la autorizaci\u00f3n escrita previa por parte del prestador. Cualquier uso no autorizado<br \/>\npreviamente por parte del prestador ser\u00e1 considerado un incumplimiento grave de los derechos de propiedad intelectual o<br \/>\nindustrial del autor.<\/p>\n<p>Los dise\u00f1os, logotipos, textos y\/o gr\u00e1ficos ajenos al prestador y que puedan aparecer en el sitio web, pertenecen a sus<br \/>\nrespectivos propietarios, siendo ellos mismos los responsables de cualquier posible controversia que pudiera acontecer<br \/>\nrespecto a los mismos. En todo caso, el prestador cuenta con la autorizaci\u00f3n expresa y previa por parte de los mismos.<\/p>\n<p>El prestador reconoce a favor de sus titulares los correspondientes derechos de propiedad industrial e intelectual, no<br \/>\nimplicando la menci\u00f3n o aparici\u00f3n en el sitio web, de la existencia de derechos o ninguna responsabilidad del prestador<br \/>\nsobre los mismos, como tampoco respaldo, patrocinio o recomendaci\u00f3n por parte del mismo.<\/p>\n<p>Para realizar cualquier tipo de observaci\u00f3n respecto a posibles incumplimientos de los derechos de propiedad intelectual<br \/>\no industrial, as\u00ed como sobre cualquiera de los contenidos del sitio web, puede hacerlo a trav\u00e9s del correo electr\u00f3nico<br \/>\narriba rese\u00f1ado.<\/p>\n<h3><strong>9.- LEY APLICABLE Y JURISDICCI\u00d3N<\/strong><\/h3>\n<p>Para la resoluci\u00f3n de las controversias o cuestiones relacionadas con la presente p\u00e1gina web o de las actividades en<br \/>\nesta desarrolladas, ser\u00e1 de aplicaci\u00f3n la legislaci\u00f3n espa\u00f1ola, a la que se someten expresamente las partes, siendo<br \/>\ncompetentes por la resoluci\u00f3n de todos los conflictos derivados o relacionados con su uso los Juzgados y Tribunales de<br \/>\nSanta Cruz de Tenerife.<\/p>\n","protected":false},"excerpt":{"rendered":"<p>Con el fin de dar cumplimiento al art\u00edculo 10 de la Ley 34\/2002 de Servicios de la Sociedad de la Informaci\u00f3n y del Comercio Electr\u00f3nico, informamos a los usuarios de nuestros datos: Denominaci\u00f3n Social: Eparquio Agust\u00edn Delgado Lorenzo Domicilio Social: Avenida Emilio Luque Moreno 13, Piso 1, Puerta 6, 38300, La Orotava, Santa Cruz de [&hellip;]<\/p>\n","protected":false},"author":1,"featured_media":0,"parent":0,"menu_order":0,"comment_status":"closed","ping_status":"closed","template":"page-templates\/page-textos.php","meta":{"_acf_changed":false,"om_disable_all_campaigns":false,"_monsterinsights_skip_tracking":false,"_monsterinsights_sitenote_active":false,"_monsterinsights_sitenote_note":"","_monsterinsights_sitenote_category":0,"_genesis_hide_title":false,"_genesis_hide_breadcrumbs":false,"_genesis_hide_singular_image":false,"_genesis_hide_footer_widgets":false,"_genesis_custom_body_class":"","_genesis_custom_post_class":"","_genesis_layout":"","footnotes":""},"class_list":{"0":"post-310","1":"page","2":"type-page","3":"status-publish","5":"entry"},"acf":[],"aioseo_notices":[],"featured_image_src":null,"featured_image_src_square":null,"_links":{"self":[{"href":"https:\/\/centrorayuela.com\/en\/wp-json\/wp\/v2\/pages\/310","targetHints":{"allow":["GET"]}}],"collection":[{"href":"https:\/\/centrorayuela.com\/en\/wp-json\/wp\/v2\/pages"}],"about":[{"href":"https:\/\/centrorayuela.com\/en\/wp-json\/wp\/v2\/types\/page"}],"author":[{"embeddable":true,"href":"https:\/\/centrorayuela.com\/en\/wp-json\/wp\/v2\/users\/1"}],"replies":[{"embeddable":true,"href":"https:\/\/centrorayuela.com\/en\/wp-json\/wp\/v2\/comments?post=310"}],"version-history":[{"count":1,"href":"https:\/\/centrorayuela.com\/en\/wp-json\/wp\/v2\/pages\/310\/revisions"}],"predecessor-version":[{"id":311,"href":"https:\/\/centrorayuela.com\/en\/wp-json\/wp\/v2\/pages\/310\/revisions\/311"}],"wp:attachment":[{"href":"https:\/\/centrorayuela.com\/en\/wp-json\/wp\/v2\/media?parent=310"}],"curies":[{"name":"wp","href":"https:\/\/api.w.org\/{rel}","templated":true}]}}