{"id":312,"date":"2025-07-31T11:53:04","date_gmt":"2025-07-31T10:53:04","guid":{"rendered":"https:\/\/centrorayuela.com\/?page_id=312"},"modified":"2025-08-26T08:47:36","modified_gmt":"2025-08-26T07:47:36","slug":"como-trabajamos","status":"publish","type":"page","link":"https:\/\/centrorayuela.com\/en\/como-trabajamos\/","title":{"rendered":"C\u00f3mo trabajamos"},"content":{"rendered":"<p>Muchas personas nunca han acudido a una consulta de psicolog\u00eda y no saben qu\u00e9 se van a encontrar ni c\u00f3mo funciona una <strong>terapia psicol\u00f3gica.<\/strong><\/p>\n<p>Te vamos a explicar c\u00f3mo lo hacemos en el Centro Psicol\u00f3gico Rayuela.<\/p>\n","protected":false},"excerpt":{"rendered":"<p>Muchas personas nunca han acudido a una consulta de psicolog\u00eda y no saben qu\u00e9 se van a encontrar ni c\u00f3mo funciona una terapia psicol\u00f3gica. Te vamos a explicar c\u00f3mo lo hacemos en el Centro Psicol\u00f3gico Rayuela.<\/p>\n","protected":false},"author":1,"featured_media":0,"parent":0,"menu_order":0,"comment_status":"closed","ping_status":"closed","template":"page-templates\/page-como-trabajamos.php","meta":{"_acf_changed":false,"om_disable_all_campaigns":false,"_monsterinsights_skip_tracking":false,"_monsterinsights_sitenote_active":false,"_monsterinsights_sitenote_note":"","_monsterinsights_sitenote_category":0,"_genesis_hide_title":false,"_genesis_hide_breadcrumbs":false,"_genesis_hide_singular_image":false,"_genesis_hide_footer_widgets":false,"_genesis_custom_body_class":"","_genesis_custom_post_class":"","_genesis_layout":"","footnotes":""},"class_list":{"0":"post-312","1":"page","2":"type-page","3":"status-publish","5":"entry"},"acf":[],"aioseo_notices":[],"featured_image_src":null,"featured_image_src_square":null,"_links":{"self":[{"href":"https:\/\/centrorayuela.com\/en\/wp-json\/wp\/v2\/pages\/312","targetHints":{"allow":["GET"]}}],"collection":[{"href":"https:\/\/centrorayuela.com\/en\/wp-json\/wp\/v2\/pages"}],"about":[{"href":"https:\/\/centrorayuela.com\/en\/wp-json\/wp\/v2\/types\/page"}],"author":[{"embeddable":true,"href":"https:\/\/centrorayuela.com\/en\/wp-json\/wp\/v2\/users\/1"}],"replies":[{"embeddable":true,"href":"https:\/\/centrorayuela.com\/en\/wp-json\/wp\/v2\/comments?post=312"}],"version-history":[{"count":1,"href":"https:\/\/centrorayuela.com\/en\/wp-json\/wp\/v2\/pages\/312\/revisions"}],"predecessor-version":[{"id":314,"href":"https:\/\/centrorayuela.com\/en\/wp-json\/wp\/v2\/pages\/312\/revisions\/314"}],"wp:attachment":[{"href":"https:\/\/centrorayuela.com\/en\/wp-json\/wp\/v2\/media?parent=312"}],"curies":[{"name":"wp","href":"https:\/\/api.w.org\/{rel}","templated":true}]}}