{"id":317,"date":"2025-08-04T14:19:55","date_gmt":"2025-08-04T13:19:55","guid":{"rendered":"https:\/\/centrorayuela.com\/?page_id=317"},"modified":"2025-08-26T08:56:39","modified_gmt":"2025-08-26T07:56:39","slug":"cuentanos-que-te-pasa","status":"publish","type":"page","link":"https:\/\/centrorayuela.com\/en\/cuentanos-que-te-pasa\/","title":{"rendered":"Cu\u00e9ntanos qu\u00e9 te pasa"},"content":{"rendered":"<p><strong>Ya sabes que los problemas no se resuelven hasta que no pasamos a la acci\u00f3n.<br \/>\n\u200bSi est\u00e1s aqu\u00ed, eso significa que ya has dado el primer paso<\/strong><\/p>\n","protected":false},"excerpt":{"rendered":"<p>Ya sabes que los problemas no se resuelven hasta que no pasamos a la acci\u00f3n. \u200bSi est\u00e1s aqu\u00ed, eso significa que ya has dado el primer paso<\/p>\n","protected":false},"author":1,"featured_media":318,"parent":0,"menu_order":0,"comment_status":"closed","ping_status":"closed","template":"page-templates\/page-cuentanos-que-te-pasa.php","meta":{"_acf_changed":false,"om_disable_all_campaigns":false,"_monsterinsights_skip_tracking":false,"_monsterinsights_sitenote_active":false,"_monsterinsights_sitenote_note":"","_monsterinsights_sitenote_category":0,"_genesis_hide_title":false,"_genesis_hide_breadcrumbs":false,"_genesis_hide_singular_image":false,"_genesis_hide_footer_widgets":false,"_genesis_custom_body_class":"","_genesis_custom_post_class":"","_genesis_layout":"","footnotes":""},"class_list":{"0":"post-317","1":"page","2":"type-page","3":"status-publish","4":"has-post-thumbnail","6":"entry"},"acf":[],"aioseo_notices":[],"featured_image_src":"https:\/\/centrorayuela.com\/wp-content\/uploads\/2025\/08\/Imagen-6@2x-600x332.jpg","featured_image_src_square":"https:\/\/centrorayuela.com\/wp-content\/uploads\/2025\/08\/Imagen-6@2x-600x332.jpg","_links":{"self":[{"href":"https:\/\/centrorayuela.com\/en\/wp-json\/wp\/v2\/pages\/317","targetHints":{"allow":["GET"]}}],"collection":[{"href":"https:\/\/centrorayuela.com\/en\/wp-json\/wp\/v2\/pages"}],"about":[{"href":"https:\/\/centrorayuela.com\/en\/wp-json\/wp\/v2\/types\/page"}],"author":[{"embeddable":true,"href":"https:\/\/centrorayuela.com\/en\/wp-json\/wp\/v2\/users\/1"}],"replies":[{"embeddable":true,"href":"https:\/\/centrorayuela.com\/en\/wp-json\/wp\/v2\/comments?post=317"}],"version-history":[{"count":1,"href":"https:\/\/centrorayuela.com\/en\/wp-json\/wp\/v2\/pages\/317\/revisions"}],"predecessor-version":[{"id":319,"href":"https:\/\/centrorayuela.com\/en\/wp-json\/wp\/v2\/pages\/317\/revisions\/319"}],"wp:featuredmedia":[{"embeddable":true,"href":"https:\/\/centrorayuela.com\/en\/wp-json\/wp\/v2\/media\/318"}],"wp:attachment":[{"href":"https:\/\/centrorayuela.com\/en\/wp-json\/wp\/v2\/media?parent=317"}],"curies":[{"name":"wp","href":"https:\/\/api.w.org\/{rel}","templated":true}]}}