{"id":330,"date":"2025-07-31T10:25:00","date_gmt":"2025-07-31T09:25:00","guid":{"rendered":"https:\/\/centrorayuela.com\/?page_id=330"},"modified":"2025-08-26T09:00:51","modified_gmt":"2025-08-26T08:00:51","slug":"politica-de-privacidad","status":"publish","type":"page","link":"https:\/\/centrorayuela.com\/en\/politica-de-privacidad\/","title":{"rendered":"Pol\u00edtica de privacidad"},"content":{"rendered":"<p>En este sitio web s\u00f3lo se recaban datos personales con el conocimiento y consentimiento de los usuarios.<\/p>\n<p>Si quiere tener una mayor informaci\u00f3n sobre los datos que se recogen y el trato que se les da a los datos personales<br \/>\npuede leer esta Pol\u00edtica de Privacidad, as\u00ed como el <a href=\"https:\/\/centrorayuela.com\/en\/aviso-legal\/\">Aviso Legal<\/a> y<br \/>\nla <a href=\"https:\/\/centrorayuela.com\/en\/politica-de-cookies\/\">Pol\u00edtica de Cookies<\/a>.<\/p>\n<p>A continuaci\u00f3n le informamos sobre la pol\u00edtica de protecci\u00f3n de datos de Eparquio Agust\u00edn Delgado Lorenzo en adelante<br \/>\ntambi\u00e9n Centro Psicol\u00f3gico Rayuela :<\/p>\n<h3><strong>1.- RESPONSABLE DE TRATAMIENTO. QUI\u00c9N VA A TRATAR SUS DATOS.<\/strong><\/h3>\n<table width=\"643\">\n<tbody>\n<tr>\n<td width=\"321\">Identidad<\/td>\n<td width=\"321\">Eparquio Agust\u00edn Delgado Lorenzo en adelante tambi\u00e9n Centro Psicol\u00f3gico Rayuela NIF:<br \/>\n                78615564T<\/td>\n<\/tr>\n<tr>\n<td width=\"321\">Direcci\u00f3n<\/td>\n<td width=\"321\">Avenida Emilio Luque Moreno 13, Piso 1, Puerta 6, 38300, La Orotava, Santa Cruz de Tenerife\n            <\/td>\n<\/tr>\n<tr>\n<td width=\"321\">Email<\/td>\n<td width=\"321\">centrorayuela@gmail.com<\/td>\n<\/tr>\n<\/tbody>\n<\/table>\n<h3><strong>2.- PROCEDENCIA DE LOS DATOS<\/strong><\/h3>\n<p>Los datos personales que trata Centro Psicol\u00f3gico Rayuela proceden directamente de usted mediante:<\/p>\n<ul>\n<li>Formularios web<\/li>\n<li>Correo electr\u00f3nico<\/li>\n<li>Formularios en papel<\/li>\n<li>Telef\u00f3nicamente<\/li>\n<\/ul>\n<p>Las categor\u00edas de datos que se tratan son:<\/p>\n<ul>\n<li>Car\u00e1cter identificativo<\/li>\n<li>Caracter\u00edsticas personales<\/li>\n<li>Datos de contacto<\/li>\n<li>Datos de salud<\/li>\n<li>Datos bancarios<\/li>\n<\/ul>\n<h3><strong>3.- FINALIDAD. \u00bfPARA QU\u00c9 SE UTILIZAN SUS DATOS PERSONALES?<\/strong><\/h3>\n<p>Centro Psicol\u00f3gico Rayuela le informa al Usuario de que podr\u00e1 tratar los datos de car\u00e1cter personal que el Usuario<br \/>\nfacilite voluntariamente a trav\u00e9s de nuestra web, email o de manera presencial que ser\u00e1n incorporados a nuestros<br \/>\nsistemas de informaci\u00f3n para la finalidad que se indican a continuaci\u00f3n, en la medida en que exista una base legal para<br \/>\ncada tratamiento seg\u00fan se explica m\u00e1s adelante:<\/p>\n<ul>\n<li><strong>GESTIONES COMERCIALES Y ADMINISTRATIVAS<\/strong><\/li>\n<\/ul>\n<p>Esta finalidad incluye el tratamiento de tus datos para, principalmente:<\/p>\n<ul>\n<li>Contactar con usted en relaci\u00f3n a actualizaciones o comunicaciones informativas relacionadas con los servicios<br \/>\n        m\u00e9dicos solicitados<\/li>\n<li>Contactar con usted en caso de haber solicitado el recordatorio de citas<\/li>\n<li>Gestionar el pago de los servicios solicitados, independientemente del medio de pago utilizado<\/li>\n<\/ul>\n<ul>\n<li><strong>RESOLUCI\u00d3N DE CONSULTAS O DUDAS<\/strong><\/li>\n<\/ul>\n<p>S\u00f3lo tratamos los datos personales que sean estrictamente necesarios para gestionar o resolver tu solicitud o petici\u00f3n.<\/p>\n<p>Recuerde que, cuando le pidamos que rellene sus datos personales para darle acceso a alguna funcionalidad o servicio,<br \/>\nmarcaremos algunos campos como obligatorios, puesto que son datos que necesitamos para poder prestarle el servicio o<br \/>\ndarle acceso a la funcionalidad en cuesti\u00f3n. Por favor, tenga en cuenta que si decide no facilitarnos esos datos, es<br \/>\nposible que no pueda completar su solicitud.<\/p>\n<ul>\n<li><strong>ENV\u00cdO DE CV<\/strong><\/li>\n<\/ul>\n<p>En el supuesto de que el usuario env\u00ede su CV, le informamos que los datos aportados ser\u00e1n tratados para hacerlo<br \/>\npart\u00edcipe de los procesos de selecci\u00f3n que pueda haber, llevando a cabo un an\u00e1lisis del perfil del solicitante con el<br \/>\nobjetivo de seleccionar el mejor candidato para el lugar vacante del Responsable. En caso de producirse alguna<br \/>\nmodificaci\u00f3n en los datos, le rogamos nos lo comunique por escrito lo antes posible, con objeto de mantener sus datos<br \/>\ndebidamente actualizados.<\/p>\n<p>Los datos se conservar\u00e1n durante un plazo m\u00e1ximo de un a\u00f1o, transcurrido el cual se proceder\u00e1 a la supresi\u00f3n de los<br \/>\ndatos garantiz\u00e1ndole un total respeto a la confidencialidad tanto en el tratamiento como en su posterior destrucci\u00f3n. En<br \/>\neste sentido, transcurrido el mencionado plazo, y si desea continuar participando en los procesos de selecci\u00f3n del<br \/>\nResponsable, le rogamos nos remita nuevamente su curr\u00edculum.<\/p>\n<p>Los datos se podr\u00e1n tratar y\/o comunicar a las empresas integrantes de nuestro grupo durante el tiempo de conservaci\u00f3n<br \/>\nde su curr\u00edculum y para los mismos fines antes informados.<\/p>\n<p>Recuerde que, cuando le pidamos que rellene sus datos personales para darle acceso a alguna funcionalidad o servicio,<br \/>\nmarcaremos algunos campos como obligatorios, puesto que son datos que necesitamos para poder prestarle el servicio o<br \/>\ndarle acceso a la funcionalidad en cuesti\u00f3n. Por favor, tenga en cuenta que si decide no facilitarnos esos datos, es<br \/>\nposible que no pueda completar su registro como usuario o que no pueda disfrutar de esos servicios o funcionalidades.<\/p>\n<p><strong>Centro Psicol\u00f3gico Rayuela<\/strong> procurar\u00e1 en todo momento establecer mecanismos adecuados para obtener el<br \/>\nconsentimiento del usuario en cada uno de los formularios. El usuario garantiza la veracidad de los datos aportados y se<br \/>\ncompromete a comunicar cualquier cambio que se produzca en los mismos.<\/p>\n<h3><strong>4.- LEGITIMACI\u00d3N. \u00bfPOR QU\u00c9 USAMOS SUS DATOS PERSONALES?<\/strong><\/h3>\n<p>Centro Psicol\u00f3gico Rayuela est\u00e1 legitimado para usar sus datos personales por diferentes motivos.<\/p>\n<p>El principal es para poder prestarle el servicio que usted ha solicitado, ya sea a trav\u00e9s de nuestra web o por alg\u00fan<br \/>\notro medio facilitado.<\/p>\n<p>Asimismo, tambi\u00e9n podremos estar legitimados dado su inter\u00e9s para poder atender sus consultas o en el consentimiento<br \/>\nque nos presta para enviarle presupuesto, nuestra newsletter, o suscribirse a nuestro blog.<\/p>\n<h3><strong>5.- MENORES DE EDAD<\/strong><\/h3>\n<p>En el supuesto que alguno de los servicios vaya dirigido a menores de edad o personas declaradas incapacitada (Centro<br \/>\nPsicol\u00f3gico Rayuela) solicitar\u00e1 el consentimiento de los padres\/madres o tutores legales para la recogida de los datos<br \/>\npersonales del menor.<\/p>\n<h3><strong>6.- CONSERVACI\u00d3N DE SUS DATOS. \u00bfCU\u00c1NTO TIEMPO LOS CONSERVAREMOS?<\/strong><\/h3>\n<p>Los datos personales proporcionados se conservar\u00e1n durante el tiempo necesario para cumplir con la finalidad para la que<br \/>\nse recaban. Una vez finalizado este plazo conservaremos tus datos debidamente guardados y protegidos durante los plazos<br \/>\nde prescripci\u00f3n legal exigidos. Una vez prescriban las posibles acciones de cada caso, procederemos a la supresi\u00f3n de<br \/>\nlos datos personales.<\/p>\n<h3><strong>7.- \u00bfA QUI\u00c9N COMUNICAMOS SUS DATOS?<\/strong><\/h3>\n<p>Para cumplir las finalidades indicadas en la presente Pol\u00edtica de Privacidad, es necesario que demos acceso a tus datos<br \/>\npersonales a entidades que nos prestan apoyo en los servicios que te ofrecemos, a saber:<\/p>\n<ul>\n<li>Entidades financieras<\/li>\n<li>Proveedores de servicios tecnol\u00f3gicos<\/li>\n<li>Entidades de asesoramiento empresarial<\/li>\n<\/ul>\n<p>Al margen de las se\u00f1aladas, Centro Psicol\u00f3gico Rayuela no ceder\u00e1 los datos personales a terceros, excepto por obligaci\u00f3n<br \/>\nlegal. Sin embargo, en el caso de ser cedidos a alg\u00fan tercero se informar\u00e1 previamente al usuario solicitando el<br \/>\nconsentimiento expreso para tal cesi\u00f3n. La entidad responsable de la base de datos, as\u00ed como los que intervengan en<br \/>\ncualquier fase del tratamiento y\/o las entidades a quienes se los haya comunicado -en todo caso siempre con la<br \/>\ncorrespondiente autorizaci\u00f3n otorgada por el usuario-, est\u00e1n obligadas a observar el secreto profesional y a la adopci\u00f3n<br \/>\nde los niveles de protecci\u00f3n y las medidas t\u00e9cnicas y organizativas necesarias a su alcance para garantizar la seguridad<br \/>\nde los datos de car\u00e1cter personal, evitando, dentro de lo posible, accesos no autorizados,modificaciones il\u00edcitas,<br \/>\nsustracciones y\/o la p\u00e9rdida de los datos, con objeto de procurar el correspondiente nivel de seguridad de los ficheros,<br \/>\nseg\u00fan la naturaleza y sensibilidad de los datos facilitados por los usuarios del presente sitio web.<\/p>\n<h3><strong>8.- DERECHOS QUE PUEDE EJERCER<\/strong><\/h3>\n<p>El interesado puede ejercer los siguientes derechos:<\/p>\n<ul>\n<li>Derecho a solicitar el acceso a sus datos personales.<\/li>\n<li>Derecho a solicitar su rectificaci\u00f3n o supresi\u00f3n.<\/li>\n<li>Derecho a solicitar la limitaci\u00f3n de su tratamiento.<\/li>\n<li>Derecho a oponerse al tratamiento.<\/li>\n<li>Derecho a la portabilidad de los datos.<\/li>\n<li>Derecho a retirar el consentimiento prestado.<\/li>\n<\/ul>\n<p>El usuario podr\u00e1 ejercer cualquier de estos derechos dirigi\u00e9ndose a Avenida Emilio Luque Moreno 13, Piso 1, Puerta 6,<br \/>\n38300, La Orotava, Santa Cruz de Tenerife o enviando un correo electr\u00f3nico a centrorayuela@gmail.com, indicando como<br \/>\nAsunto: \u201cRGPD\/LOPD, Derechos ARCO\u201d, y adjuntando fotocopia de su DNI o cualquier medio de identificaci\u00f3n an\u00e1logo, tal y<br \/>\ncomo indica la ley. Centro Psicol\u00f3gico Rayuela deber\u00e1 contestar la solicitud en el plazo de un mes a partir de la<br \/>\nrecepci\u00f3n de la solicitud. Dicho plazo podr\u00e1 prorrogarse otros dos meses en el caso de ser necesario, teniendo en cuenta<br \/>\nla complejidad y el n\u00famero de solicitudes.<\/p>\n<p>Tiene derecho a retirar el consentimiento prestado en cualquier momento enviando correo electr\u00f3nico a<br \/>\ncentrorayuela@gmail.com. La retirada del consentimiento no afectar\u00e1 a la licitud del tratamiento efectuado antes de la<br \/>\nretirada del consentimiento. Tambi\u00e9n tiene derecho a presentar una reclamaci\u00f3n ante la autoridad de control si considera<br \/>\nque pueden haberse visto vulnerados sus derechos en relaci\u00f3n a la protecci\u00f3n de sus datos (aepd.es).<\/p>\n<h3><strong>9.- SUS DATOS EST\u00c1N SEGUROS<\/strong><\/h3>\n<p>Centro Psicol\u00f3gico Rayuela garantiza que ha implementado medidas de seguridad, t\u00e9cnicas y organizativas apropiadas para<br \/>\ngarantizar y proteger la confidencialidad, integridad y disponibilidad de los datos personados que cada usuario<br \/>\nproporciona.<\/p>\n<h3><strong>10.- CAMBIOS EN LA POL\u00cdTICA DE PRIVACIDAD<\/strong><\/h3>\n<p>Centro Psicol\u00f3gico Rayuela se reserva el derecho a modificar la presente pol\u00edtica para adaptarla a novedades<br \/>\nlegislativas o jurisprudenciales.<\/p>\n<h3><strong>11.- CONTENIDO DE LA WEB Y ENLACES (<em>LINKS<\/em>)<\/strong><\/h3>\n<p><strong>Centro Psicol\u00f3gico Rayuela<\/strong> se reserva el derecho a actualizar, modificar o eliminar la informaci\u00f3n<br \/>\ncontenida en la web, pudiendo, incluso, limitar o no permitir el acceso a la informaci\u00f3n.<\/p>\n<p><strong>Centro Psicol\u00f3gico Rayuela<\/strong> no asume ning\u00fan tipo de responsabilidad por la informaci\u00f3n contenida en las<br \/>\nWebs de terceros a las que se pueda acceder por los &#8220;links&#8221; o enlaces desde cualquier p\u00e1gina Web propiedad del<br \/>\nPrestador.<\/p>\n<p>La presencia de &#8220;links&#8221; o enlaces s\u00f3lo tienen finalidad informativa y en ning\u00fan caso supone ninguna sugerencia,<br \/>\ninvitaci\u00f3n o reconocimiento sobre los mismos.<\/p>\n<h3><strong>12.- CORREOS COMERCIALES<\/strong><\/h3>\n<p>De acuerdo con la LSSI-CE, <strong>Centro Psicol\u00f3gico Rayuela<\/strong> no realiza pr\u00e1cticas de SPAM, por lo tanto, no<br \/>\nenv\u00eda correos comerciales por e-mail que no hayan sido previamente solicitados o autorizados por el Usuario. En<br \/>\nconsecuencia, en cada uno de los formularios de la P\u00e1gina Web, el usuario tiene la posibilidad de dar su consentimiento<br \/>\nexpreso para recibir nuestro bolet\u00edn, con independencia de la informaci\u00f3n comercial puntualmente solicitada.<\/p>\n<h3><strong>13.- \u00bfALGUNA CONSULTA SOBRE ESTA POL\u00cdTICA O TUS DERECHOS?<\/strong><\/h3>\n<p>En el caso de tener alguna duda o pregunta sobre la pol\u00edtica de privacidad o sobre c\u00f3mo gestionar alg\u00fan dato personal<br \/>\nque nos hayas proporcionado puedes contactar en centrorayuela@gmail.com.<\/p>\n","protected":false},"excerpt":{"rendered":"<p>En este sitio web s\u00f3lo se recaban datos personales con el conocimiento y consentimiento de los usuarios. Si quiere tener una mayor informaci\u00f3n sobre los datos que se recogen y el trato que se les da a los datos personales puede leer esta Pol\u00edtica de Privacidad, as\u00ed como el Aviso Legal y la Pol\u00edtica de [&hellip;]<\/p>\n","protected":false},"author":1,"featured_media":0,"parent":0,"menu_order":0,"comment_status":"closed","ping_status":"closed","template":"page-templates\/page-textos.php","meta":{"_acf_changed":false,"om_disable_all_campaigns":false,"_monsterinsights_skip_tracking":false,"_monsterinsights_sitenote_active":false,"_monsterinsights_sitenote_note":"","_monsterinsights_sitenote_category":0,"_genesis_hide_title":false,"_genesis_hide_breadcrumbs":false,"_genesis_hide_singular_image":false,"_genesis_hide_footer_widgets":false,"_genesis_custom_body_class":"","_genesis_custom_post_class":"","_genesis_layout":"","footnotes":""},"class_list":{"0":"post-330","1":"page","2":"type-page","3":"status-publish","5":"entry"},"acf":[],"aioseo_notices":[],"featured_image_src":null,"featured_image_src_square":null,"_links":{"self":[{"href":"https:\/\/centrorayuela.com\/en\/wp-json\/wp\/v2\/pages\/330","targetHints":{"allow":["GET"]}}],"collection":[{"href":"https:\/\/centrorayuela.com\/en\/wp-json\/wp\/v2\/pages"}],"about":[{"href":"https:\/\/centrorayuela.com\/en\/wp-json\/wp\/v2\/types\/page"}],"author":[{"embeddable":true,"href":"https:\/\/centrorayuela.com\/en\/wp-json\/wp\/v2\/users\/1"}],"replies":[{"embeddable":true,"href":"https:\/\/centrorayuela.com\/en\/wp-json\/wp\/v2\/comments?post=330"}],"version-history":[{"count":1,"href":"https:\/\/centrorayuela.com\/en\/wp-json\/wp\/v2\/pages\/330\/revisions"}],"predecessor-version":[{"id":331,"href":"https:\/\/centrorayuela.com\/en\/wp-json\/wp\/v2\/pages\/330\/revisions\/331"}],"wp:attachment":[{"href":"https:\/\/centrorayuela.com\/en\/wp-json\/wp\/v2\/media?parent=330"}],"curies":[{"name":"wp","href":"https:\/\/api.w.org\/{rel}","templated":true}]}}