{"id":334,"date":"2025-07-31T11:52:48","date_gmt":"2025-07-31T10:52:48","guid":{"rendered":"https:\/\/centrorayuela.com\/?page_id=334"},"modified":"2025-08-26T09:02:13","modified_gmt":"2025-08-26T08:02:13","slug":"quienes-somos","status":"publish","type":"page","link":"https:\/\/centrorayuela.com\/en\/quienes-somos\/","title":{"rendered":"Quienes somos"},"content":{"rendered":"<p>Rayuela es el nombre de la fant\u00e1stica novela de Julio Cortazar que revolucion\u00f3 la literatura en 1963. Uno de sus detalles m\u00e1s bellos es que sus cap\u00edtulos se pueden leer de muchas formas diferentes, convirtiendo al lector en protagonista. Al igual que ocurre con la novela, aprender a cambiar nuestro comportamiento tambi\u00e9n es un proceso que puede tomar muchos caminos distintos y que genera una experiencia \u00fanica para cada persona<\/p>\n","protected":false},"excerpt":{"rendered":"<p>Rayuela es el nombre de la fant\u00e1stica novela de Julio Cortazar que revolucion\u00f3 la literatura en 1963. Uno de sus detalles m\u00e1s bellos es que sus cap\u00edtulos se pueden leer de muchas formas diferentes, convirtiendo al lector en protagonista. Al igual que ocurre con la novela, aprender a cambiar nuestro comportamiento tambi\u00e9n es un proceso [&hellip;]<\/p>\n","protected":false},"author":1,"featured_media":0,"parent":0,"menu_order":0,"comment_status":"closed","ping_status":"closed","template":"page-templates\/page-quienes-somos.php","meta":{"_acf_changed":false,"om_disable_all_campaigns":false,"_monsterinsights_skip_tracking":false,"_monsterinsights_sitenote_active":false,"_monsterinsights_sitenote_note":"","_monsterinsights_sitenote_category":0,"_genesis_hide_title":false,"_genesis_hide_breadcrumbs":false,"_genesis_hide_singular_image":false,"_genesis_hide_footer_widgets":false,"_genesis_custom_body_class":"","_genesis_custom_post_class":"","_genesis_layout":"","footnotes":""},"class_list":{"0":"post-334","1":"page","2":"type-page","3":"status-publish","5":"entry"},"acf":[],"aioseo_notices":[],"featured_image_src":null,"featured_image_src_square":null,"_links":{"self":[{"href":"https:\/\/centrorayuela.com\/en\/wp-json\/wp\/v2\/pages\/334","targetHints":{"allow":["GET"]}}],"collection":[{"href":"https:\/\/centrorayuela.com\/en\/wp-json\/wp\/v2\/pages"}],"about":[{"href":"https:\/\/centrorayuela.com\/en\/wp-json\/wp\/v2\/types\/page"}],"author":[{"embeddable":true,"href":"https:\/\/centrorayuela.com\/en\/wp-json\/wp\/v2\/users\/1"}],"replies":[{"embeddable":true,"href":"https:\/\/centrorayuela.com\/en\/wp-json\/wp\/v2\/comments?post=334"}],"version-history":[{"count":1,"href":"https:\/\/centrorayuela.com\/en\/wp-json\/wp\/v2\/pages\/334\/revisions"}],"predecessor-version":[{"id":338,"href":"https:\/\/centrorayuela.com\/en\/wp-json\/wp\/v2\/pages\/334\/revisions\/338"}],"wp:attachment":[{"href":"https:\/\/centrorayuela.com\/en\/wp-json\/wp\/v2\/media?parent=334"}],"curies":[{"name":"wp","href":"https:\/\/api.w.org\/{rel}","templated":true}]}}